{"id":75,"date":"2012-02-20T13:05:52","date_gmt":"2012-02-20T11:05:52","guid":{"rendered":"http:\/\/www.senioren-partneragentur.com\/?page_id=75"},"modified":"2016-05-23T12:25:00","modified_gmt":"2016-05-23T10:25:00","slug":"partneragenturen","status":"publish","type":"page","link":"https:\/\/www.senioren-partneragentur.com\/?page_id=75","title":{"rendered":"Partneragenturen"},"content":{"rendered":"<p>Es gibt mittlerweile viele Partneragenturen und Vermittlungen f\u00fcr Senioren. Gute Agenturen erkennen Sie an einer professionellen und kompetenten Beratung, an Hilfeleistungen f\u00fcr die Partnersuche und an Unterst\u00fctzung jeglicher Art. Wenn Sie bisher noch z\u00f6gerten, sich um einen lieben Menschen an Ihrer Seite zu bem\u00fchen, dann sollten Sie sich nicht mehr zu viel Zeit nehmen &#8211; jede verschenkte Sekunde ist eine weitere Sekunde in Einsamkeit!<\/p>\n<p>Suchen Sie nach Partnervermittlungen in Ihrer N\u00e4he. Dadurch k\u00f6nnen Sie sicher sein, auch pers\u00f6nlich betreut und beraten zu werden!<\/p>\n<p>&nbsp;<\/p>\n<h1 style=\"text-align: left;\"><span style=\"text-decoration: underline;\">Unsere Vorschl\u00e4ge f\u00fcr Sie<\/span><\/h1>\n<p>Hiermit m\u00f6chten wir vielen einsamen Menschen weiterhelfen, einen geeigneten Partner zu finden. Daher bekommen Sie eine \u00dcbersicht \u00fcber Partnervermittlungen mit pers\u00f6nlicher Beratung und Betreuung, von denen sich vielleicht auch eine in Ihrer N\u00e4he befindet.<\/p>\n<p style=\"text-align: center;\"><a href=\"http:\/\/www.senioren-partneragentur.com\/wp-content\/uploads\/2013\/07\/art-21833_1280.jpg\"><img loading=\"lazy\" class=\"aligncenter size-medium wp-image-148\" src=\"http:\/\/www.senioren-partneragentur.com\/wp-content\/uploads\/2013\/07\/art-21833_1280-300x199.jpg\" alt=\"Liebe im Alter-Senioren im Glueck\" width=\"300\" height=\"199\" srcset=\"https:\/\/www.senioren-partneragentur.com\/wp-content\/uploads\/2013\/07\/art-21833_1280-300x199.jpg 300w, https:\/\/www.senioren-partneragentur.com\/wp-content\/uploads\/2013\/07\/art-21833_1280-1024x682.jpg 1024w, https:\/\/www.senioren-partneragentur.com\/wp-content\/uploads\/2013\/07\/art-21833_1280-624x415.jpg 624w, https:\/\/www.senioren-partneragentur.com\/wp-content\/uploads\/2013\/07\/art-21833_1280.jpg 1280w\" sizes=\"(max-width: 300px) 100vw, 300px\" \/><\/a>Klicken Sie auf die folgenden Links:<\/p>\n<p style=\"text-align: center;\"><a href=\"http:\/\/www.pv-anna.de\/\">Partnervermittlung ANNA GmbH<\/a><\/p>\n<p style=\"text-align: center;\"><a href=\"http:\/\/www.partnervermittlung-amatis.com\">AMATIS GmbH &#8211; Vermittlung von Freizeitkontakten<\/a><\/p>\n<p>&nbsp;<\/p>\n<p>&nbsp;<\/p>\n","protected":false},"excerpt":{"rendered":"<p>Es gibt mittlerweile viele Partneragenturen und Vermittlungen f\u00fcr Senioren. Gute Agenturen erkennen Sie an einer professionellen und kompetenten Beratung, an Hilfeleistungen f\u00fcr die Partnersuche und an Unterst\u00fctzung jeglicher Art. Wenn Sie bisher noch z\u00f6gerten, sich um einen lieben Menschen an Ihrer Seite zu bem\u00fchen, dann sollten Sie sich nicht mehr zu viel Zeit nehmen &#8211; [&hellip;]<\/p>\n","protected":false},"author":2,"featured_media":0,"parent":0,"menu_order":0,"comment_status":"closed","ping_status":"closed","template":"","meta":[],"_links":{"self":[{"href":"https:\/\/www.senioren-partneragentur.com\/index.php?rest_route=\/wp\/v2\/pages\/75"}],"collection":[{"href":"https:\/\/www.senioren-partneragentur.com\/index.php?rest_route=\/wp\/v2\/pages"}],"about":[{"href":"https:\/\/www.senioren-partneragentur.com\/index.php?rest_route=\/wp\/v2\/types\/page"}],"author":[{"embeddable":true,"href":"https:\/\/www.senioren-partneragentur.com\/index.php?rest_route=\/wp\/v2\/users\/2"}],"replies":[{"embeddable":true,"href":"https:\/\/www.senioren-partneragentur.com\/index.php?rest_route=%2Fwp%2Fv2%2Fcomments&post=75"}],"version-history":[{"count":13,"href":"https:\/\/www.senioren-partneragentur.com\/index.php?rest_route=\/wp\/v2\/pages\/75\/revisions"}],"predecessor-version":[{"id":228,"href":"https:\/\/www.senioren-partneragentur.com\/index.php?rest_route=\/wp\/v2\/pages\/75\/revisions\/228"}],"wp:attachment":[{"href":"https:\/\/www.senioren-partneragentur.com\/index.php?rest_route=%2Fwp%2Fv2%2Fmedia&parent=75"}],"curies":[{"name":"wp","href":"https:\/\/api.w.org\/{rel}","templated":true}]}}